{"id":122,"date":"2026-04-24T05:02:40","date_gmt":"2026-04-24T05:02:40","guid":{"rendered":"https:\/\/phugiaxe.com\/?post_type=product&#038;p=122"},"modified":"2026-05-08T02:08:23","modified_gmt":"2026-05-08T02:08:23","slug":"hot-shots-secret-spray-stay-grease-mo-boi-tron-dang-xit-bam-dinh-cao-2","status":"publish","type":"product","link":"https:\/\/phugiaxe.com\/index.php\/san-pham\/hot-shots-secret-spray-stay-grease-mo-boi-tron-dang-xit-bam-dinh-cao-2\/","title":{"rendered":"Hot Shot\u2019s Secret NEVER RUST Lubricant &#8211; Dung D\u1ecbch B\u1ea3o V\u1ec7, Ch\u1ed1ng \u0102n M\u00f2n, Ch\u1ed1ng R\u1ec9 G\u1ea5p 20 L\u1ea7n So V\u1edbi WD-40\u00ae"},"content":{"rendered":"<p><strong>Hot Shot\u2019s Secret\u00ae NEVER RUST LUBRICANT<\/strong><\/p>\n<div class=\"hero\">\n<p>Dung d\u1ecbch b\u00f4i tr\u01a1n ch\u1ed1ng r\u1ec9 s\u00e9t v\u00e0 \u0103n m\u00f2n hi\u1ec7u su\u1ea5t cao cho \u00f4 t\u00f4, c\u01a1 kh\u00ed, c\u00f4ng nghi\u1ec7p v\u00e0 d\u00e2n d\u1ee5ng.<\/p>\n<\/div>\n<h2>Hot Shot\u2019s Secret NEVER RUST LUBRICANT l\u00e0 g\u00ec?<\/h2>\n<p>Hot Shot\u2019s Secret NEVER RUST LUBRICANT l\u00e0 dung d\u1ecbch b\u00f4i tr\u01a1n ch\u1ed1ng r\u1ec9 s\u00e9t v\u00e0 \u0103n m\u00f2n d\u1ea1ng x\u1ecbt, \u0111\u01b0\u1ee3c thi\u1ebft k\u1ebf \u0111\u1ec3 b\u1ea3o v\u1ec7 c\u00e1c chi ti\u1ebft kim lo\u1ea1i trong th\u1eddi gian d\u00e0i.<br \/>\nS\u1ea3n ph\u1ea9m gi\u00fap ng\u0103n h\u00ecnh th\u00e0nh r\u1ec9 s\u00e9t, ch\u1ed1ng oxy h\u00f3a, gi\u1ea3m ti\u1ebfng k\u00eau r\u00edt v\u00e0 t\u0103ng tu\u1ed5i th\u1ecd cho thi\u1ebft b\u1ecb c\u01a1 kh\u00ed.<\/p>\n<div class=\"box\">\n<h3>\u0110i\u1ec3m n\u1ed5i b\u1eadt c\u1ee7a s\u1ea3n ph\u1ea9m<\/h3>\n<ul>\n<li>Kh\u1ea3 n\u0103ng ch\u1ed1ng r\u1ec9 m\u1ea1nh g\u1ea5p <span class=\"highlight\">20 l\u1ea7n WD-40\u00ae<\/span><\/li>\n<li>B\u1ea3o v\u1ec7 ch\u1ed1ng r\u1ec9 s\u00e9t &amp; \u0103n m\u00f2n l\u00ean \u0111\u1ebfn <span class=\"highlight\">2.700 gi\u1edd<\/span><\/li>\n<li>Ki\u1ec3m nghi\u1ec7m theo ti\u00eau chu\u1ea9n ASTM B-117<\/li>\n<li>Kh\u00f4ng \u0111\u00f3ng keo, kh\u00f4ng kh\u00f4 c\u1ee9ng<\/li>\n<li>Kh\u1ea3 n\u0103ng th\u1ea9m th\u1ea5u s\u00e2u c\u1ef1c t\u1ed1t<\/li>\n<li>Ch\u1ed1ng b\u1ecb r\u1eeda tr\u00f4i b\u1edfi n\u01b0\u1edbc<\/li>\n<li>Ho\u1ea1t \u0111\u1ed9ng trong d\u1ea3i nhi\u1ec7t \u0111\u1ed9 t\u1eeb -54\u00b0C \u0111\u1ebfn 149\u00b0C<\/li>\n<\/ul>\n<\/div>\n<h2>Kh\u1ea3 n\u0103ng ch\u1ed1ng r\u1ec9 s\u00e9t v\u01b0\u1ee3t tr\u1ed9i<\/h2>\n<p>\u0110i\u1ec3m kh\u00e1c bi\u1ec7t l\u1edbn nh\u1ea5t c\u1ee7a Hot Shot\u2019s Secret NEVER RUST LUBRICANT l\u00e0 kh\u1ea3 n\u0103ng b\u1ea3o v\u1ec7 kim lo\u1ea1i l\u00e2u d\u00e0i trong m\u00f4i tr\u01b0\u1eddng kh\u1eafc nghi\u1ec7t.<br \/>\nS\u1ea3n ph\u1ea9m t\u1ea1o l\u1edbp m\u00e0ng b\u1ea3o v\u1ec7 b\u1ec1n v\u1eefng gi\u00fap ng\u0103n h\u01a1i \u1ea9m, mu\u1ed1i v\u00e0 c\u00e1c t\u00e1c nh\u00e2n g\u00e2y oxy h\u00f3a ti\u1ebfp x\u00fac tr\u1ef1c ti\u1ebfp v\u1edbi b\u1ec1 m\u1eb7t kim lo\u1ea1i.<\/p>\n<p>Theo th\u1eed nghi\u1ec7m phun s\u01b0\u01a1ng mu\u1ed1i ASTM B-117, s\u1ea3n ph\u1ea9m \u0111\u1ea1t t\u1edbi 2.700 gi\u1edd ch\u1ed1ng r\u1ec9 s\u00e9t v\u00e0 \u0103n m\u00f2n \u2014 m\u1ed9t con s\u1ed1 v\u01b0\u1ee3t tr\u1ed9i trong nh\u00f3m dung d\u1ecbch b\u00f4i tr\u01a1n ch\u1ed1ng r\u1ec9 hi\u1ec7n nay.<\/p>\n<h2>Lo\u1ea1i b\u1ecf ti\u1ebfng k\u00eau r\u00edt v\u00e0 b\u1ea3o v\u1ec7 chuy\u1ec3n \u0111\u1ed9ng c\u01a1 kh\u00ed<\/h2>\n<p>Kh\u00f4ng ch\u1ec9 ch\u1ed1ng r\u1ec9, NEVER RUST LUBRICANT c\u00f2n gi\u00fap b\u00f4i tr\u01a1n hi\u1ec7u qu\u1ea3 c\u00e1c chi ti\u1ebft chuy\u1ec3n \u0111\u1ed9ng nh\u01b0 b\u1ea3n l\u1ec1, d\u00e2y c\u00e1p, \u1ed5 kh\u00f3a, bu-l\u00f4ng v\u00e0 x\u00edch t\u1ea3i.<\/p>\n<p>Dung d\u1ecbch th\u1ea9m th\u1ea5u nhanh v\u00e0o c\u00e1c khe h\u1eb9p, gi\u00fap gi\u1ea3m ma s\u00e1t, lo\u1ea1i b\u1ecf ti\u1ebfng k\u00eau kh\u00f3 ch\u1ecbu v\u00e0 h\u1ed7 tr\u1ee3 thi\u1ebft b\u1ecb ho\u1ea1t \u0111\u1ed9ng \u00eam \u00e1i h\u01a1n.<\/p>\n<div class=\"box\">\n<h3>\u1ee8ng d\u1ee5ng th\u1ef1c t\u1ebf<\/h3>\n<ul>\n<li>\u0110ai \u1ed1c &amp; bu-l\u00f4ng<\/li>\n<li>D\u00e2y c\u00e1p &amp; x\u00edch<\/li>\n<li>B\u1ea3n l\u1ec1 c\u1eeda &amp; \u1ed5 kh\u00f3a<\/li>\n<li>D\u1ee5ng c\u1ee5 c\u01a1 kh\u00ed<\/li>\n<li>Thi\u1ebft b\u1ecb c\u00f4ng nghi\u1ec7p<\/li>\n<li>Thi\u1ebft b\u1ecb s\u00e2n v\u01b0\u1eddn<\/li>\n<li>C\u1eeda xe \u00f4 t\u00f4 &amp; c\u01a1 c\u1ea5u ch\u1ed1t c\u1eeda<\/li>\n<li>C\u1eeda kim lo\u1ea1i<\/li>\n<li>B\u1ea3o qu\u1ea3n thi\u1ebft b\u1ecb l\u01b0u kho<\/li>\n<\/ul>\n<\/div>\n<h2>\u01afu \u0111i\u1ec3m khi s\u1eed d\u1ee5ng Hot Shot\u2019s Secret NEVER RUST LUBRICANT<\/h2>\n<table>\n<tbody>\n<tr>\n<th>T\u00ednh n\u0103ng<\/th>\n<th>L\u1ee3i \u00edch<\/th>\n<\/tr>\n<tr>\n<td>Ch\u1ed1ng r\u1ec9 s\u00e9t l\u00e2u d\u00e0i<\/td>\n<td>B\u1ea3o v\u1ec7 kim lo\u1ea1i nhi\u1ec1u n\u0103m<\/td>\n<\/tr>\n<tr>\n<td>Kh\u1ea3 n\u0103ng th\u1ea9m th\u1ea5u cao<\/td>\n<td>D\u1ec5 ti\u1ebfp c\u1eadn c\u00e1c khe nh\u1ecf<\/td>\n<\/tr>\n<tr>\n<td>Kh\u00f4ng b\u1ecb r\u1eeda tr\u00f4i<\/td>\n<td>Hi\u1ec7u qu\u1ea3 t\u1ed1t trong m\u00f4i tr\u01b0\u1eddng \u1ea9m<\/td>\n<\/tr>\n<tr>\n<td>Kh\u00f4ng \u0111\u00f3ng keo<\/td>\n<td>Gi\u1eef c\u01a1 c\u1ea5u ho\u1ea1t \u0111\u1ed9ng tr\u01a1n tru<\/td>\n<\/tr>\n<tr>\n<td>Ch\u1ecbu nhi\u1ec7t r\u1ed9ng<\/td>\n<td>Ho\u1ea1t \u0111\u1ed9ng \u1ed5n \u0111\u1ecbnh t\u1eeb -54\u00b0C \u0111\u1ebfn 149\u00b0C<\/td>\n<\/tr>\n<\/tbody>\n<\/table>\n<h2>T\u1ea1i sao n\u00ean ch\u1ecdn Hot Shot\u2019s Secret NEVER RUST LUBRICANT?<\/h2>\n<p>\u0110\u1ed1i v\u1edbi c\u00e1c thi\u1ebft b\u1ecb c\u01a1 kh\u00ed, \u00f4 t\u00f4 ho\u1eb7c c\u00f4ng nghi\u1ec7p, r\u1ec9 s\u00e9t v\u00e0 \u0103n m\u00f2n lu\u00f4n l\u00e0 nguy\u00ean nh\u00e2n l\u00e0m gi\u1ea3m tu\u1ed5i th\u1ecd v\u00e0 t\u0103ng chi ph\u00ed s\u1eeda ch\u1eefa.<br \/>\nM\u1ed9t dung d\u1ecbch ch\u1ed1ng r\u1ec9 ch\u1ea5t l\u01b0\u1ee3ng cao s\u1ebd gi\u00fap ti\u1ebft ki\u1ec7m \u0111\u00e1ng k\u1ec3 chi ph\u00ed b\u1ea3o tr\u00ec v\u00e0 h\u1ea1n ch\u1ebf h\u1ecfng h\u00f3c ngo\u00e0i \u00fd mu\u1ed1n.<\/p>\n<p>Hot Shot\u2019s Secret NEVER RUST LUBRICANT l\u00e0 l\u1ef1a ch\u1ecdn ph\u00f9 h\u1ee3p cho th\u1ee3 c\u01a1 kh\u00ed, gara \u00f4 t\u00f4, nh\u00e0 x\u01b0\u1edfng v\u00e0 c\u1ea3 ng\u01b0\u1eddi d\u00f9ng DIY c\u1ea7n m\u1ed9t gi\u1ea3i ph\u00e1p b\u00f4i tr\u01a1n ch\u1ed1ng r\u1ec9 hi\u1ec7u qu\u1ea3, b\u1ec1n b\u1ec9 v\u00e0 s\u1eed d\u1ee5ng \u0111a n\u0103ng.<\/p>\n<h2>K\u1ebft lu\u1eadn<\/h2>\n<p>N\u1ebfu b\u1ea1n \u0111ang t\u00ecm ki\u1ebfm m\u1ed9t chai x\u1ecbt ch\u1ed1ng r\u1ec9 s\u00e9t c\u00f3 kh\u1ea3 n\u0103ng b\u1ea3o v\u1ec7 l\u00e2u d\u00e0i, ch\u1ed1ng \u0103n m\u00f2n m\u1ea1nh, b\u00f4i tr\u01a1n t\u1ed1t v\u00e0 ho\u1ea1t \u0111\u1ed9ng \u1ed5n \u0111\u1ecbnh trong \u0111i\u1ec1u ki\u1ec7n kh\u1eafc nghi\u1ec7t, Hot Shot\u2019s Secret NEVER RUST LUBRICANT l\u00e0 l\u1ef1a ch\u1ecdn \u0111\u00e1ng c\u00e2n nh\u1eafc.<\/p>\n<p>&nbsp;<\/p>\n","protected":false},"excerpt":{"rendered":"<p>Hot Shot\u2019s Secret\u00ae NEVER RUST LUBRICANT l\u00e0 dung d\u1ecbch b\u00f4i tr\u01a1n ch\u1ed1ng r\u1ec9 s\u00e9t v\u00e0 \u0103n m\u00f2n hi\u1ec7u su\u1ea5t cao, gi\u00fap b\u1ea3o v\u1ec7 kim lo\u1ea1i l\u00ean \u0111\u1ebfn 2.700 gi\u1edd theo ti\u00eau chu\u1ea9n ASTM B-117. S\u1ea3n ph\u1ea9m c\u00f3 kh\u1ea3 n\u0103ng ch\u1ed1ng r\u1ec9 m\u1ea1nh g\u1ea5p 20 l\u1ea7n WD-40\u00ae, th\u1ea9m th\u1ea5u s\u00e2u, ch\u1ed1ng n\u01b0\u1edbc, kh\u00f4ng \u0111\u00f3ng keo v\u00e0 ho\u1ea1t \u0111\u1ed9ng \u1ed5n \u0111\u1ecbnh trong d\u1ea3i nhi\u1ec7t \u0111\u1ed9 t\u1eeb -54\u00b0C \u0111\u1ebfn 149\u00b0C. Ph\u00f9 h\u1ee3p cho \u00f4 t\u00f4, c\u01a1 kh\u00ed, c\u00f4ng nghi\u1ec7p, h\u00e0ng h\u1ea3i v\u00e0 c\u00e1c \u1ee9ng d\u1ee5ng b\u1ea3o tr\u00ec thi\u1ebft b\u1ecb kim lo\u1ea1i.<\/p>\n","protected":false},"featured_media":308,"comment_status":"open","ping_status":"closed","template":"","meta":[],"product_brand":[29],"product_cat":[15],"product_tag":[31],"class_list":{"0":"post-122","1":"product","2":"type-product","3":"status-publish","6":"product_brand-hot-shots-secret","7":"product_cat-chua-phan-loai","8":"product_tag-dau-mo-boi-tron","10":"first","11":"instock","12":"shipping-taxable","13":"purchasable","14":"product-type-simple"},"_links":{"self":[{"href":"https:\/\/phugiaxe.com\/index.php\/wp-json\/wp\/v2\/product\/122","targetHints":{"allow":["GET"]}}],"collection":[{"href":"https:\/\/phugiaxe.com\/index.php\/wp-json\/wp\/v2\/product"}],"about":[{"href":"https:\/\/phugiaxe.com\/index.php\/wp-json\/wp\/v2\/types\/product"}],"replies":[{"embeddable":true,"href":"https:\/\/phugiaxe.com\/index.php\/wp-json\/wp\/v2\/comments?post=122"}],"wp:featuredmedia":[{"embeddable":true,"href":"https:\/\/phugiaxe.com\/index.php\/wp-json\/wp\/v2\/media\/308"}],"wp:attachment":[{"href":"https:\/\/phugiaxe.com\/index.php\/wp-json\/wp\/v2\/media?parent=122"}],"wp:term":[{"taxonomy":"product_brand","embeddable":true,"href":"https:\/\/phugiaxe.com\/index.php\/wp-json\/wp\/v2\/product_brand?post=122"},{"taxonomy":"product_cat","embeddable":true,"href":"https:\/\/phugiaxe.com\/index.php\/wp-json\/wp\/v2\/product_cat?post=122"},{"taxonomy":"product_tag","embeddable":true,"href":"https:\/\/phugiaxe.com\/index.php\/wp-json\/wp\/v2\/product_tag?post=122"}],"curies":[{"name":"wp","href":"https:\/\/api.w.org\/{rel}","templated":true}]}}